{"id":259,"date":"2025-11-21T16:44:22","date_gmt":"2025-11-21T16:44:22","guid":{"rendered":"https:\/\/new.asblpotentia.be\/?page_id=259"},"modified":"2025-11-21T16:52:02","modified_gmt":"2025-11-21T16:52:02","slug":"blog","status":"publish","type":"page","link":"https:\/\/new.asblpotentia.be\/?page_id=259","title":{"rendered":"Soutien"},"content":{"rendered":"<style>.kb-row-layout-id259_f5cf69-07 > .kt-row-column-wrap{align-content:start;}:where(.kb-row-layout-id259_f5cf69-07 > .kt-row-column-wrap) > .wp-block-kadence-column{justify-content:start;}.kb-row-layout-id259_f5cf69-07 > .kt-row-column-wrap{column-gap:var(--global-kb-gap-md, 2rem);row-gap:var(--global-kb-gap-md, 2rem);padding-top:var(--global-kb-spacing-sm, 1.5rem);padding-bottom:var(--global-kb-spacing-sm, 1.5rem);grid-template-columns:minmax(0, 1fr) minmax(0, 2fr);}.kb-row-layout-id259_f5cf69-07 > .kt-row-layout-overlay{opacity:0.30;}@media all and (max-width: 1024px){.kb-row-layout-id259_f5cf69-07 > .kt-row-column-wrap{grid-template-columns:minmax(0, 1fr) minmax(0, 2fr);}}@media all and (max-width: 767px){.kb-row-layout-id259_f5cf69-07 > .kt-row-column-wrap{grid-template-columns:minmax(0, 1fr);}}<\/style><div class=\"kb-row-layout-wrap kb-row-layout-id259_f5cf69-07 alignnone wp-block-kadence-rowlayout\"><div class=\"kt-row-column-wrap kt-has-2-columns kt-row-layout-right-golden kt-tab-layout-inherit kt-mobile-layout-row kt-row-valign-top\">\n<style>.kadence-column259_ccebfe-0d > .kt-inside-inner-col,.kadence-column259_ccebfe-0d > .kt-inside-inner-col:before{border-top-left-radius:0px;border-top-right-radius:0px;border-bottom-right-radius:0px;border-bottom-left-radius:0px;}.kadence-column259_ccebfe-0d > .kt-inside-inner-col{column-gap:var(--global-kb-gap-sm, 1rem);}.kadence-column259_ccebfe-0d > .kt-inside-inner-col{flex-direction:column;}.kadence-column259_ccebfe-0d > .kt-inside-inner-col > .aligncenter{width:100%;}.kadence-column259_ccebfe-0d > .kt-inside-inner-col:before{opacity:0.3;}.kadence-column259_ccebfe-0d{position:relative;}@media all and (max-width: 1024px){.kadence-column259_ccebfe-0d > .kt-inside-inner-col{flex-direction:column;justify-content:center;}}@media all and (max-width: 767px){.kadence-column259_ccebfe-0d > .kt-inside-inner-col{flex-direction:column;justify-content:center;}}<\/style>\n<div class=\"wp-block-kadence-column kadence-column259_ccebfe-0d\"><div class=\"kt-inside-inner-col\">\n<figure class=\"wp-block-image size-large\"><img fetchpriority=\"high\" decoding=\"async\" width=\"1024\" height=\"681\" src=\"https:\/\/new.asblpotentia.be\/wp-content\/uploads\/2025\/11\/cow-1357210-1024x681.jpg\" alt=\"\" class=\"wp-image-322\" srcset=\"https:\/\/new.asblpotentia.be\/wp-content\/uploads\/2025\/11\/cow-1357210-1024x681.jpg 1024w, https:\/\/new.asblpotentia.be\/wp-content\/uploads\/2025\/11\/cow-1357210-300x199.jpg 300w, https:\/\/new.asblpotentia.be\/wp-content\/uploads\/2025\/11\/cow-1357210-768x511.jpg 768w, https:\/\/new.asblpotentia.be\/wp-content\/uploads\/2025\/11\/cow-1357210-1536x1021.jpg 1536w, https:\/\/new.asblpotentia.be\/wp-content\/uploads\/2025\/11\/cow-1357210-2048x1362.jpg 2048w\" sizes=\"(max-width: 1024px) 100vw, 1024px\" \/><\/figure>\n<\/div><\/div>\n\n\n<style>.kadence-column259_5d0bb7-a9 > .kt-inside-inner-col,.kadence-column259_5d0bb7-a9 > .kt-inside-inner-col:before{border-top-left-radius:0px;border-top-right-radius:0px;border-bottom-right-radius:0px;border-bottom-left-radius:0px;}.kadence-column259_5d0bb7-a9 > .kt-inside-inner-col{column-gap:var(--global-kb-gap-sm, 1rem);}.kadence-column259_5d0bb7-a9 > .kt-inside-inner-col{flex-direction:column;}.kadence-column259_5d0bb7-a9 > .kt-inside-inner-col > .aligncenter{width:100%;}.kadence-column259_5d0bb7-a9 > .kt-inside-inner-col:before{opacity:0.3;}.kadence-column259_5d0bb7-a9{position:relative;}@media all and (max-width: 1024px){.kadence-column259_5d0bb7-a9 > .kt-inside-inner-col{flex-direction:column;justify-content:center;}}@media all and (max-width: 767px){.kadence-column259_5d0bb7-a9 > .kt-inside-inner-col{flex-direction:column;justify-content:center;}}<\/style>\n<div class=\"wp-block-kadence-column kadence-column259_5d0bb7-a9\"><div class=\"kt-inside-inner-col\">\n<h2 class=\"wp-block-heading\">Nous soutenir<\/h2>\n\n\n\n<p>Si vous voulez soutenir notre projet ou rendre accessible nos services \u00e0 tous,<br>nous vous invitons \u00e0 nous faire un don sur le compte de l&#8217;asbl Potentia: <\/p>\n\n\n\n<p>BE58 1030 7972 5479 &#8211; BIC NICABEBB<\/p>\n\n\n\n<p>Nous vous remercions infiniment de votre soutien.<br>L&#8217;\u00e9quipe de Potentia<\/p>\n<\/div><\/div>\n\n<\/div><\/div>\n\n<style>.kb-row-layout-id259_dc21e2-0a > .kt-row-column-wrap{align-content:start;}:where(.kb-row-layout-id259_dc21e2-0a > .kt-row-column-wrap) > .wp-block-kadence-column{justify-content:start;}.kb-row-layout-id259_dc21e2-0a > .kt-row-column-wrap{column-gap:var(--global-kb-gap-md, 2rem);row-gap:var(--global-kb-gap-md, 2rem);padding-top:var(--global-kb-spacing-sm, 1.5rem);padding-bottom:var(--global-kb-spacing-sm, 1.5rem);grid-template-columns:repeat(2, minmax(0, 1fr));}.kb-row-layout-id259_dc21e2-0a > .kt-row-layout-overlay{opacity:0.30;}@media all and (max-width: 1024px){.kb-row-layout-id259_dc21e2-0a > .kt-row-column-wrap{grid-template-columns:repeat(2, minmax(0, 1fr));}}@media all and (max-width: 767px){.kb-row-layout-id259_dc21e2-0a > .kt-row-column-wrap{grid-template-columns:minmax(0, 1fr);}}<\/style><div class=\"kb-row-layout-wrap kb-row-layout-id259_dc21e2-0a alignnone wp-block-kadence-rowlayout\"><div class=\"kt-row-column-wrap kt-has-2-columns kt-row-layout-equal kt-tab-layout-inherit kt-mobile-layout-row kt-row-valign-top\">\n<style>.kadence-column259_d674a3-9d > .kt-inside-inner-col{display:flex;}.kadence-column259_d674a3-9d > .kt-inside-inner-col,.kadence-column259_d674a3-9d > .kt-inside-inner-col:before{border-top-left-radius:0px;border-top-right-radius:0px;border-bottom-right-radius:0px;border-bottom-left-radius:0px;}.kadence-column259_d674a3-9d > .kt-inside-inner-col{row-gap:var(--global-kb-gap-none, 0rem );column-gap:var(--global-kb-gap-sm, 1rem);}.kadence-column259_d674a3-9d > .kt-inside-inner-col{flex-direction:column;}.kadence-column259_d674a3-9d > .kt-inside-inner-col > .aligncenter{width:100%;}.kadence-column259_d674a3-9d > .kt-inside-inner-col:before{opacity:0.3;}.kadence-column259_d674a3-9d{position:relative;}@media all and (max-width: 1024px){.kadence-column259_d674a3-9d > .kt-inside-inner-col{flex-direction:column;justify-content:center;}}@media all and (max-width: 767px){.kadence-column259_d674a3-9d > .kt-inside-inner-col{flex-direction:column;justify-content:center;}}<\/style>\n<div class=\"wp-block-kadence-column kadence-column259_d674a3-9d\"><div class=\"kt-inside-inner-col\">\n<h2 class=\"wp-block-heading\">Devenir b\u00e9n\u00e9vole<\/h2>\n\n\n\n<p><strong>Exp\u00e9rience gratifiante<\/strong><br>Aider des jeunes \u00e0 retrouver confiance et motivation offre un profond sentiment d\u2019accomplissement personnel et professionnel, en observant l\u2019impact direct de son engagement sur leur avenir.<\/p>\n\n\n\n<p><strong>D\u00e9veloppement personnel<\/strong><br>Lravailler dans un cadre bienveillant et enrichissant permet d\u2019acqu\u00e9rir de nouvelles comp\u00e9tences, de renforcer ses aptitudes relationnelles, et de s\u2019\u00e9panouir au contact d\u2019une \u00e9quipe passionn\u00e9e aux profils vari\u00e9s.<\/p>\n\n\n\n<p><strong>Contribution significative<\/strong><br>S\u2019engager chez Potentia c\u2019est prendre part \u00e0 un projet qui change des vies. C\u2019est participer activement \u00e0 la lutte contre le d\u00e9crochage scolaire et \u00e0 la valorisation des talents multiples de chaque jeune.<\/p>\n<\/div><\/div>\n\n\n<style>.kadence-column259_be44ef-3b > .kt-inside-inner-col,.kadence-column259_be44ef-3b > .kt-inside-inner-col:before{border-top-left-radius:0px;border-top-right-radius:0px;border-bottom-right-radius:0px;border-bottom-left-radius:0px;}.kadence-column259_be44ef-3b > .kt-inside-inner-col{column-gap:var(--global-kb-gap-sm, 1rem);}.kadence-column259_be44ef-3b > .kt-inside-inner-col{flex-direction:column;}.kadence-column259_be44ef-3b > .kt-inside-inner-col > .aligncenter{width:100%;}.kadence-column259_be44ef-3b > .kt-inside-inner-col:before{opacity:0.3;}.kadence-column259_be44ef-3b{position:relative;}@media all and (max-width: 1024px){.kadence-column259_be44ef-3b > .kt-inside-inner-col{flex-direction:column;justify-content:center;}}@media all and (max-width: 767px){.kadence-column259_be44ef-3b > .kt-inside-inner-col{flex-direction:column;justify-content:center;}}<\/style>\n<div class=\"wp-block-kadence-column kadence-column259_be44ef-3b\"><div class=\"kt-inside-inner-col\">\n<div class=\"wp-block-cover\"><img decoding=\"async\" width=\"2560\" height=\"1921\" class=\"wp-block-cover__image-background wp-image-324\" alt=\"\" src=\"https:\/\/new.asblpotentia.be\/wp-content\/uploads\/2025\/11\/volunteer-2654004-edited-scaled.jpg\" data-object-fit=\"cover\" srcset=\"https:\/\/new.asblpotentia.be\/wp-content\/uploads\/2025\/11\/volunteer-2654004-edited-scaled.jpg 2560w, https:\/\/new.asblpotentia.be\/wp-content\/uploads\/2025\/11\/volunteer-2654004-edited-300x225.jpg 300w, https:\/\/new.asblpotentia.be\/wp-content\/uploads\/2025\/11\/volunteer-2654004-edited-1024x769.jpg 1024w, https:\/\/new.asblpotentia.be\/wp-content\/uploads\/2025\/11\/volunteer-2654004-edited-768x576.jpg 768w, https:\/\/new.asblpotentia.be\/wp-content\/uploads\/2025\/11\/volunteer-2654004-edited-1536x1153.jpg 1536w, https:\/\/new.asblpotentia.be\/wp-content\/uploads\/2025\/11\/volunteer-2654004-edited-2048x1537.jpg 2048w\" sizes=\"(max-width: 2560px) 100vw, 2560px\" \/><span aria-hidden=\"true\" class=\"wp-block-cover__background has-background-dim\"><\/span><div class=\"wp-block-cover__inner-container is-layout-flow wp-block-cover-is-layout-flow\">\n<div class=\"wp-block-buttons is-horizontal is-content-justification-center is-layout-flex wp-container-core-buttons-is-layout-a518ccff wp-block-buttons-is-layout-flex\">\n<div class=\"wp-block-button has-custom-width wp-block-button__width-75\"><a class=\"wp-block-button__link wp-element-button\" href=\"https:\/\/www.giveaday.eu\/fr-be\/volontariat\/collaborateur-trice-d-accrochage-scolaire\/34235\">Give a day<\/a><\/div>\n<\/div>\n<\/div><\/div>\n<\/div><\/div>\n\n<\/div><\/div>\n\n\n<h2 class=\"wp-block-heading\">Ils nous soutiennent :<\/h2>\n\n\n<style>.kb-row-layout-id259_b8928a-a5 > .kt-row-column-wrap{align-content:start;}:where(.kb-row-layout-id259_b8928a-a5 > .kt-row-column-wrap) > .wp-block-kadence-column{justify-content:start;}.kb-row-layout-id259_b8928a-a5 > .kt-row-column-wrap{column-gap:var(--global-kb-gap-none, 0rem );row-gap:var(--global-kb-gap-md, 2rem);padding-top:var(--global-kb-spacing-sm, 1.5rem);padding-bottom:var(--global-kb-spacing-sm, 1.5rem);}.kb-row-layout-id259_b8928a-a5 > .kt-row-column-wrap > div:not(.added-for-specificity){grid-column:initial;}.kb-row-layout-id259_b8928a-a5 > .kt-row-column-wrap{grid-template-columns:repeat(4, minmax(0, 1fr));}.kb-row-layout-id259_b8928a-a5 > .kt-row-layout-overlay{opacity:0.30;}@media all and (max-width: 1024px){.kb-row-layout-id259_b8928a-a5 > .kt-row-column-wrap > div:not(.added-for-specificity){grid-column:initial;}}@media all and (max-width: 1024px){.kb-row-layout-id259_b8928a-a5 > .kt-row-column-wrap{grid-template-columns:repeat(4, minmax(0, 1fr));}}@media all and (max-width: 767px){.kb-row-layout-id259_b8928a-a5 > .kt-row-column-wrap > div:not(.added-for-specificity){grid-column:initial;}.kb-row-layout-id259_b8928a-a5 > .kt-row-column-wrap{grid-template-columns:minmax(0, 1fr);}}<\/style><div class=\"kb-row-layout-wrap kb-row-layout-id259_b8928a-a5 alignnone wp-block-kadence-rowlayout\"><div class=\"kt-row-column-wrap kt-has-4-columns kt-row-layout-equal kt-tab-layout-inherit kt-mobile-layout-row kt-row-valign-top\">\n<style>.kadence-column259_604c11-e1 > .kt-inside-inner-col{display:flex;}.kadence-column259_604c11-e1 > .kt-inside-inner-col,.kadence-column259_604c11-e1 > .kt-inside-inner-col:before{border-top-left-radius:0px;border-top-right-radius:0px;border-bottom-right-radius:0px;border-bottom-left-radius:0px;}.kadence-column259_604c11-e1 > .kt-inside-inner-col{column-gap:var(--global-kb-gap-sm, 1rem);}.kadence-column259_604c11-e1 > .kt-inside-inner-col{flex-direction:column;justify-content:center;align-items:center;}.kadence-column259_604c11-e1 > .kt-inside-inner-col > .kb-image-is-ratio-size{align-self:stretch;}.kadence-column259_604c11-e1 > .kt-inside-inner-col > .wp-block-kadence-advancedgallery{align-self:stretch;}.kadence-column259_604c11-e1 > .kt-inside-inner-col > .aligncenter{width:100%;}.kt-row-column-wrap > .kadence-column259_604c11-e1{align-self:center;}.kt-inner-column-height-full:not(.kt-has-1-columns) > .wp-block-kadence-column.kadence-column259_604c11-e1{align-self:auto;}.kt-inner-column-height-full:not(.kt-has-1-columns) > .wp-block-kadence-column.kadence-column259_604c11-e1 > .kt-inside-inner-col{flex-direction:column;justify-content:center;}.kadence-column259_604c11-e1 > .kt-inside-inner-col:before{opacity:0.3;}.kadence-column259_604c11-e1{position:relative;}@media all and (max-width: 1024px){.kt-row-column-wrap > .kadence-column259_604c11-e1{align-self:center;}}@media all and (max-width: 1024px){.kt-inner-column-height-full:not(.kt-has-1-columns) > .wp-block-kadence-column.kadence-column259_604c11-e1{align-self:auto;}}@media all and (max-width: 1024px){.kt-inner-column-height-full:not(.kt-has-1-columns) > .wp-block-kadence-column.kadence-column259_604c11-e1 > .kt-inside-inner-col{flex-direction:column;justify-content:center;}}@media all and (max-width: 1024px){.kadence-column259_604c11-e1 > .kt-inside-inner-col{flex-direction:column;justify-content:center;align-items:center;}}@media all and (max-width: 767px){.kt-row-column-wrap > .kadence-column259_604c11-e1{align-self:center;}.kt-inner-column-height-full:not(.kt-has-1-columns) > .wp-block-kadence-column.kadence-column259_604c11-e1{align-self:auto;}.kt-inner-column-height-full:not(.kt-has-1-columns) > .wp-block-kadence-column.kadence-column259_604c11-e1 > .kt-inside-inner-col{flex-direction:column;justify-content:center;}.kadence-column259_604c11-e1 > .kt-inside-inner-col{flex-direction:column;justify-content:center;align-items:center;}}<\/style>\n<div class=\"wp-block-kadence-column kadence-column259_604c11-e1\"><div class=\"kt-inside-inner-col\">\n<figure class=\"wp-block-image size-full is-resized\"><img decoding=\"async\" width=\"252\" height=\"277\" src=\"https:\/\/new.asblpotentia.be\/wp-content\/uploads\/2025\/11\/Capture-decran-2025-11-21-174513.jpg\" alt=\"\" class=\"wp-image-327\" style=\"width:251px;height:auto\"\/><\/figure>\n<\/div><\/div>\n\n\n<style>.kadence-column259_3baae7-d2 > .kt-inside-inner-col{display:flex;}.kadence-column259_3baae7-d2 > .kt-inside-inner-col,.kadence-column259_3baae7-d2 > .kt-inside-inner-col:before{border-top-left-radius:0px;border-top-right-radius:0px;border-bottom-right-radius:0px;border-bottom-left-radius:0px;}.kadence-column259_3baae7-d2 > .kt-inside-inner-col{column-gap:var(--global-kb-gap-sm, 1rem);}.kadence-column259_3baae7-d2 > .kt-inside-inner-col{flex-direction:column;justify-content:center;align-items:center;}.kadence-column259_3baae7-d2 > .kt-inside-inner-col > .kb-image-is-ratio-size{align-self:stretch;}.kadence-column259_3baae7-d2 > .kt-inside-inner-col > .wp-block-kadence-advancedgallery{align-self:stretch;}.kadence-column259_3baae7-d2 > .kt-inside-inner-col > .aligncenter{width:100%;}.kt-row-column-wrap > .kadence-column259_3baae7-d2{align-self:center;}.kt-inner-column-height-full:not(.kt-has-1-columns) > .wp-block-kadence-column.kadence-column259_3baae7-d2{align-self:auto;}.kt-inner-column-height-full:not(.kt-has-1-columns) > .wp-block-kadence-column.kadence-column259_3baae7-d2 > .kt-inside-inner-col{flex-direction:column;justify-content:center;}.kadence-column259_3baae7-d2 > .kt-inside-inner-col:before{opacity:0.3;}.kadence-column259_3baae7-d2{position:relative;}@media all and (max-width: 1024px){.kt-row-column-wrap > .kadence-column259_3baae7-d2{align-self:center;}}@media all and (max-width: 1024px){.kt-inner-column-height-full:not(.kt-has-1-columns) > .wp-block-kadence-column.kadence-column259_3baae7-d2{align-self:auto;}}@media all and (max-width: 1024px){.kt-inner-column-height-full:not(.kt-has-1-columns) > .wp-block-kadence-column.kadence-column259_3baae7-d2 > .kt-inside-inner-col{flex-direction:column;justify-content:center;}}@media all and (max-width: 1024px){.kadence-column259_3baae7-d2 > .kt-inside-inner-col{flex-direction:column;justify-content:center;align-items:center;}}@media all and (max-width: 767px){.kt-row-column-wrap > .kadence-column259_3baae7-d2{align-self:center;}.kt-inner-column-height-full:not(.kt-has-1-columns) > .wp-block-kadence-column.kadence-column259_3baae7-d2{align-self:auto;}.kt-inner-column-height-full:not(.kt-has-1-columns) > .wp-block-kadence-column.kadence-column259_3baae7-d2 > .kt-inside-inner-col{flex-direction:column;justify-content:center;}.kadence-column259_3baae7-d2 > .kt-inside-inner-col{flex-direction:column;justify-content:center;align-items:center;}}<\/style>\n<div class=\"wp-block-kadence-column kadence-column259_3baae7-d2\"><div class=\"kt-inside-inner-col\">\n<figure class=\"wp-block-image size-large\"><img loading=\"lazy\" decoding=\"async\" width=\"1024\" height=\"724\" src=\"https:\/\/new.asblpotentia.be\/wp-content\/uploads\/2025\/11\/BW-1024x724.png\" alt=\"\" class=\"wp-image-328\" srcset=\"https:\/\/new.asblpotentia.be\/wp-content\/uploads\/2025\/11\/BW-1024x724.png 1024w, https:\/\/new.asblpotentia.be\/wp-content\/uploads\/2025\/11\/BW-300x212.png 300w, https:\/\/new.asblpotentia.be\/wp-content\/uploads\/2025\/11\/BW-768x543.png 768w, https:\/\/new.asblpotentia.be\/wp-content\/uploads\/2025\/11\/BW-1536x1086.png 1536w, https:\/\/new.asblpotentia.be\/wp-content\/uploads\/2025\/11\/BW.png 1600w\" sizes=\"(max-width: 1024px) 100vw, 1024px\" \/><\/figure>\n<\/div><\/div>\n\n\n<style>.kadence-column259_985f16-d7 > .kt-inside-inner-col{display:flex;}.kadence-column259_985f16-d7 > .kt-inside-inner-col,.kadence-column259_985f16-d7 > .kt-inside-inner-col:before{border-top-left-radius:0px;border-top-right-radius:0px;border-bottom-right-radius:0px;border-bottom-left-radius:0px;}.kadence-column259_985f16-d7 > .kt-inside-inner-col{column-gap:var(--global-kb-gap-sm, 1rem);}.kadence-column259_985f16-d7 > .kt-inside-inner-col{flex-direction:column;justify-content:center;align-items:center;}.kadence-column259_985f16-d7 > .kt-inside-inner-col > .kb-image-is-ratio-size{align-self:stretch;}.kadence-column259_985f16-d7 > .kt-inside-inner-col > .wp-block-kadence-advancedgallery{align-self:stretch;}.kadence-column259_985f16-d7 > .kt-inside-inner-col > .aligncenter{width:100%;}.kt-row-column-wrap > .kadence-column259_985f16-d7{align-self:center;}.kt-inner-column-height-full:not(.kt-has-1-columns) > .wp-block-kadence-column.kadence-column259_985f16-d7{align-self:auto;}.kt-inner-column-height-full:not(.kt-has-1-columns) > .wp-block-kadence-column.kadence-column259_985f16-d7 > .kt-inside-inner-col{flex-direction:column;justify-content:center;}.kadence-column259_985f16-d7 > .kt-inside-inner-col:before{opacity:0.3;}.kadence-column259_985f16-d7{position:relative;}@media all and (max-width: 1024px){.kt-row-column-wrap > .kadence-column259_985f16-d7{align-self:center;}}@media all and (max-width: 1024px){.kt-inner-column-height-full:not(.kt-has-1-columns) > .wp-block-kadence-column.kadence-column259_985f16-d7{align-self:auto;}}@media all and (max-width: 1024px){.kt-inner-column-height-full:not(.kt-has-1-columns) > .wp-block-kadence-column.kadence-column259_985f16-d7 > .kt-inside-inner-col{flex-direction:column;justify-content:center;}}@media all and (max-width: 1024px){.kadence-column259_985f16-d7 > .kt-inside-inner-col{flex-direction:column;justify-content:center;align-items:center;}}@media all and (max-width: 767px){.kt-row-column-wrap > .kadence-column259_985f16-d7{align-self:center;}.kt-inner-column-height-full:not(.kt-has-1-columns) > .wp-block-kadence-column.kadence-column259_985f16-d7{align-self:auto;}.kt-inner-column-height-full:not(.kt-has-1-columns) > .wp-block-kadence-column.kadence-column259_985f16-d7 > .kt-inside-inner-col{flex-direction:column;justify-content:center;}.kadence-column259_985f16-d7 > .kt-inside-inner-col{flex-direction:column;justify-content:center;align-items:center;}}<\/style>\n<div class=\"wp-block-kadence-column kadence-column259_985f16-d7\"><div class=\"kt-inside-inner-col\">\n<figure class=\"wp-block-image size-full\"><img loading=\"lazy\" decoding=\"async\" width=\"400\" height=\"200\" src=\"https:\/\/new.asblpotentia.be\/wp-content\/uploads\/2025\/11\/FRP.png\" alt=\"\" class=\"wp-image-329\" srcset=\"https:\/\/new.asblpotentia.be\/wp-content\/uploads\/2025\/11\/FRP.png 400w, https:\/\/new.asblpotentia.be\/wp-content\/uploads\/2025\/11\/FRP-300x150.png 300w\" sizes=\"(max-width: 400px) 100vw, 400px\" \/><\/figure>\n<\/div><\/div>\n\n\n<style>.kadence-column259_23fdee-48 > .kt-inside-inner-col{display:flex;}.kadence-column259_23fdee-48 > .kt-inside-inner-col,.kadence-column259_23fdee-48 > .kt-inside-inner-col:before{border-top-left-radius:0px;border-top-right-radius:0px;border-bottom-right-radius:0px;border-bottom-left-radius:0px;}.kadence-column259_23fdee-48 > .kt-inside-inner-col{column-gap:var(--global-kb-gap-sm, 1rem);}.kadence-column259_23fdee-48 > .kt-inside-inner-col{flex-direction:column;justify-content:center;align-items:center;}.kadence-column259_23fdee-48 > .kt-inside-inner-col > .kb-image-is-ratio-size{align-self:stretch;}.kadence-column259_23fdee-48 > .kt-inside-inner-col > .wp-block-kadence-advancedgallery{align-self:stretch;}.kadence-column259_23fdee-48 > .kt-inside-inner-col > .aligncenter{width:100%;}.kt-row-column-wrap > .kadence-column259_23fdee-48{align-self:center;}.kt-inner-column-height-full:not(.kt-has-1-columns) > .wp-block-kadence-column.kadence-column259_23fdee-48{align-self:auto;}.kt-inner-column-height-full:not(.kt-has-1-columns) > .wp-block-kadence-column.kadence-column259_23fdee-48 > .kt-inside-inner-col{flex-direction:column;justify-content:center;}.kadence-column259_23fdee-48 > .kt-inside-inner-col:before{opacity:0.3;}.kadence-column259_23fdee-48{position:relative;}@media all and (max-width: 1024px){.kt-row-column-wrap > .kadence-column259_23fdee-48{align-self:center;}}@media all and (max-width: 1024px){.kt-inner-column-height-full:not(.kt-has-1-columns) > .wp-block-kadence-column.kadence-column259_23fdee-48{align-self:auto;}}@media all and (max-width: 1024px){.kt-inner-column-height-full:not(.kt-has-1-columns) > .wp-block-kadence-column.kadence-column259_23fdee-48 > .kt-inside-inner-col{flex-direction:column;justify-content:center;}}@media all and (max-width: 1024px){.kadence-column259_23fdee-48 > .kt-inside-inner-col{flex-direction:column;justify-content:center;align-items:center;}}@media all and (max-width: 767px){.kt-row-column-wrap > .kadence-column259_23fdee-48{align-self:center;}.kt-inner-column-height-full:not(.kt-has-1-columns) > .wp-block-kadence-column.kadence-column259_23fdee-48{align-self:auto;}.kt-inner-column-height-full:not(.kt-has-1-columns) > .wp-block-kadence-column.kadence-column259_23fdee-48 > .kt-inside-inner-col{flex-direction:column;justify-content:center;}.kadence-column259_23fdee-48 > .kt-inside-inner-col{flex-direction:column;justify-content:center;align-items:center;}}<\/style>\n<div class=\"wp-block-kadence-column kadence-column259_23fdee-48\"><div class=\"kt-inside-inner-col\">\n<figure class=\"wp-block-image size-full\"><img loading=\"lazy\" decoding=\"async\" width=\"300\" height=\"76\" src=\"https:\/\/new.asblpotentia.be\/wp-content\/uploads\/2025\/11\/BNP.png\" alt=\"\" class=\"wp-image-330\"\/><\/figure>\n<\/div><\/div>\n\n<\/div><\/div>","protected":false},"excerpt":{"rendered":"<p>Nous soutenir Si vous voulez soutenir notre projet ou rendre accessible nos services \u00e0 tous,nous vous invitons \u00e0 nous faire un don sur le compte de l&#8217;asbl Potentia: BE58 1030 7972 5479 &#8211; BIC NICABEBB Nous vous remercions infiniment de votre soutien.L&#8217;\u00e9quipe de Potentia Devenir b\u00e9n\u00e9vole Exp\u00e9rience gratifianteAider des jeunes \u00e0 retrouver confiance et motivation&#8230;<\/p>\n","protected":false},"author":1,"featured_media":0,"parent":0,"menu_order":0,"comment_status":"closed","ping_status":"closed","template":"","meta":{"_themeisle_gutenberg_block_has_review":false,"_kad_post_transparent":"","_kad_post_title":"","_kad_post_layout":"","_kad_post_sidebar_id":"","_kad_post_content_style":"","_kad_post_vertical_padding":"","_kad_post_feature":"","_kad_post_feature_position":"","_kad_post_header":false,"_kad_post_footer":false,"_kad_post_classname":"","footnotes":""},"class_list":["post-259","page","type-page","status-publish","hentry"],"_links":{"self":[{"href":"https:\/\/new.asblpotentia.be\/index.php?rest_route=\/wp\/v2\/pages\/259","targetHints":{"allow":["GET"]}}],"collection":[{"href":"https:\/\/new.asblpotentia.be\/index.php?rest_route=\/wp\/v2\/pages"}],"about":[{"href":"https:\/\/new.asblpotentia.be\/index.php?rest_route=\/wp\/v2\/types\/page"}],"author":[{"embeddable":true,"href":"https:\/\/new.asblpotentia.be\/index.php?rest_route=\/wp\/v2\/users\/1"}],"replies":[{"embeddable":true,"href":"https:\/\/new.asblpotentia.be\/index.php?rest_route=%2Fwp%2Fv2%2Fcomments&post=259"}],"version-history":[{"count":4,"href":"https:\/\/new.asblpotentia.be\/index.php?rest_route=\/wp\/v2\/pages\/259\/revisions"}],"predecessor-version":[{"id":333,"href":"https:\/\/new.asblpotentia.be\/index.php?rest_route=\/wp\/v2\/pages\/259\/revisions\/333"}],"wp:attachment":[{"href":"https:\/\/new.asblpotentia.be\/index.php?rest_route=%2Fwp%2Fv2%2Fmedia&parent=259"}],"curies":[{"name":"wp","href":"https:\/\/api.w.org\/{rel}","templated":true}]}}